{"id":14,"date":"2018-03-09T00:40:57","date_gmt":"2018-03-08T23:40:57","guid":{"rendered":"http:\/\/pistina.net\/?page_id=14"},"modified":"2023-03-19T17:27:28","modified_gmt":"2023-03-19T16:27:28","slug":"penzion-pistina","status":"publish","type":"page","link":"https:\/\/pistina.net\/","title":{"rendered":"RODINN\u00dd PENZION P\u00cdSTINA"},"content":{"rendered":"<p><img decoding=\"async\" loading=\"lazy\" class=\"wp-image-160 aligncenter\" src=\"http:\/\/pistina.net\/wp-content\/uploads\/2018\/03\/cropped-DSC04356-1-2-300x133.jpg\" alt=\"cropped-DSC04356-1-2.jpg\" width=\"854\" height=\"379\" \/><\/p>\n<p>&nbsp;<\/p>\n<p>B\u00fdval\u00e1 zem\u011bd\u011blsk\u00e1 usedlost z po\u010d\u00e1tku 16. stolet\u00ed le\u017e\u00ed\u00a0v malebn\u00e9 krajin\u011b ji\u017en\u00edch \u010cech, v chr\u00e1n\u011bn\u00e9 krajinn\u00e9 oblasti T\u0159ebo\u0148ska, kter\u00e1 je uznanou biosf\u00e9rickou rezervac\u00ed UNESCO.\u00a0 Penzion pro\u0161el celkovou rekonstrukc\u00ed, p\u0159i kter\u00e9 byly zachov\u00e1ny p\u016fvodn\u00ed\u00a0 prvky venkovsk\u00e9 architektury.<\/p>\n<p>Nab\u00edz\u00edme ubytovac\u00ed, stravovac\u00ed slu\u017eby s mo\u017enost\u00ed grilov\u00e1n\u00ed, aktivn\u00edho odpo\u010dinku a relaxace. To v\u0161e v kr\u00e1sn\u00e9m prost\u0159ed\u00ed venkovsk\u00e9ho statku se z\u00e1zem\u00edm pro rodiny s d\u011btmi (JI\u017dN\u00cd \u010cECHY POH\u00c1DKOV\u00c9), cyklisty (CYKLIST\u00c9 V\u00cdT\u00c1NI), pro firmy, svatby, ozdravn\u00e9 pobyty \u0161kol\u00a0a jak\u00e9koli jin\u00e9 p\u0159\u00edle\u017eitosti (dolovn\u00e9, zab\u00edja\u010dky, v\u00fdlovy). V cel\u00e9m objektu je mo\u017en\u00e9 p\u0159ipojen\u00ed k m\u00edstn\u00ed s\u00edti internetu zdarma prost\u0159ednictv\u00edm wifi, samoz\u0159ejmost\u00ed je parkov\u00e1n\u00ed zdarma.<\/p>\n<p>O\u010dek\u00e1vat m\u016f\u017eete z\u00e1zem\u00ed a slu\u017eby rodinn\u00e9ho penzionu zalo\u017een\u00e9 na 25 let\u00e9 zku\u0161ennosti v cestovn\u00edm ruchu spole\u010dnosti REALSOL s.r.o., kter\u00e1 Penzion P\u00edstina provozuje.<\/p>\n<h3>NAB\u00cdDKA:<\/h3>\n<ul>\n<li>standardn\u00ed ubytov\u00e1n\u00ed (59 l\u016f\u017eek v 17 dvou-5ti l\u016f\u017ekov\u00e9 pokoje, apartm\u00e1ny, soci\u00e1ln\u00ed za\u0159\u00edzen\u00ed na pokoj\u00edch i mimo pokoje)<\/li>\n<li>stravovac\u00ed slu\u017eby v podob\u011b polopenze, pln\u00e9 penze (sn\u00eddan\u011b formou bufetu, ob\u011bdy, ve\u010de\u0159e), coffee breaky, rauty, grilov\u00e1n\u00ed a zahradn\u00ed\u00a0party<\/li>\n<li>narozeninov\u00e9, silvestrovsk\u00e9 oslavy, svatebn\u00ed hostiny a garden party s grilov\u00e1n\u00edm (sel\u00e1tko, to nejlep\u0161\u00ed z m\u00edstn\u00edch rybn\u00edk\u016f)<\/li>\n<li>firemn\u00ed akce (\u0161kolen\u00ed, jedn\u00e1n\u00ed, prezentace s doprovodn\u00fdmi slu\u017ebami \u2013 program a konferen\u010dn\u00ed techniku zajist\u00edme)<\/li>\n<li>rodinn\u00e9 pobyty t\u00e9matick\u00e9 (sport \u2013 cykloturistika, kultura, tradice a zvyky: velikonoce, zab\u00edja\u010dka, v\u00fdlovy, svatby)<\/li>\n<li>\u0161koln\u00ed pobyty, \u0161koly v p\u0159\u00edrod\u011b,\u00a0d\u011btsk\u00e9 t\u00e1bory, rekrea\u010dn\u00ed, ozdravn\u00e9, sportovn\u00ed a klimatick\u00e9 pobyty<\/li>\n<li>mo\u017enost campingu na louce vedle penzionu (pra\u010dka, toaleta a sprcha k dispozici)<\/li>\n<li>stylov\u00e1 spole\u010densk\u00e1 m\u00edstnost s klenut\u00fdm stropem (k dispozici bar, lednice)<\/li>\n<li>\u00faschovna a p\u016fj\u010dovna kol<\/li>\n<li>j\u00edzda na koni, z\u00e1p\u016fj\u010dka spole\u010densk\u00fdch her a sportovn\u00edho vybaven\u00ed<\/li>\n<li>letn\u00ed pergola s mo\u017enost\u00ed grilov\u00e1n\u00ed<\/li>\n<li>mo\u017enost parkov\u00e1n\u00ed na velkokapacitn\u00edm parkovi\u0161ti<\/li>\n<\/ul>\n<h3 style=\"text-align: center;\">T\u011b\u0161\u00edme se na v\u00e1s, p\u0159ejeme p\u0159\u00edjemn\u00fd a ni\u010d\u00edm neru\u0161en\u00fd pobyt.<\/h3>\n<p>&nbsp;<\/p>\n<p><center><br \/>\n<img decoding=\"async\" loading=\"lazy\" class=\"alignnone wp-image-60 aligncenter\" src=\"http:\/\/pistina.net\/wp-content\/uploads\/2018\/03\/CYKLISTE-263x300.jpg\" alt=\"CYKLISTE\" width=\"181\" height=\"207\" srcset=\"https:\/\/pistina.net\/wp-content\/uploads\/2018\/03\/CYKLISTE-263x300.jpg 263w, https:\/\/pistina.net\/wp-content\/uploads\/2018\/03\/CYKLISTE-370x423.jpg 370w, https:\/\/pistina.net\/wp-content\/uploads\/2018\/03\/CYKLISTE.jpg 379w\" sizes=\"(max-width: 181px) 100vw, 181px\" \/><br \/>\n<img decoding=\"async\" loading=\"lazy\" class=\"alignnone size-medium wp-image-59 aligncenter\" src=\"http:\/\/pistina.net\/wp-content\/uploads\/2018\/03\/CERTIFIKAT-300x219.jpg\" alt=\"CERTIFIKAT\" width=\"300\" height=\"219\" srcset=\"https:\/\/pistina.net\/wp-content\/uploads\/2018\/03\/CERTIFIKAT-300x219.jpg 300w, https:\/\/pistina.net\/wp-content\/uploads\/2018\/03\/CERTIFIKAT.jpg 355w\" sizes=\"(max-width: 300px) 100vw, 300px\" \/><\/center><\/p>\n<div style=\"width: 140px; height: 140px; background: url('http:\/\/svetubytovani.appspot.com\/img\/badge.png') no-repeat; text-align: center;\">\n<div style=\"height: 38px; text-align: center;\"><\/div>\n<p style=\"text-align: center;\"><a style=\"display: block; font: bold 14px 'Segoe UI', 'Trebuchet MS', 'Geneva CE', lucida, sans-serif; color: #fff; text-decoration: none; width: 95px; height: 55px; margin: 0 auto;\" title=\"Penzion P\u00edstina - Ubytov\u00e1n\u00ed v P\u00edstin\u011b\" href=\"https:\/\/svetubytovani.cz\/jizni-cechy\/pistina\/2482-penzion-pistina\">Penzion P\u00edstina<\/a><\/p>\n<div style=\"display: block; font: bold 16px 'Segoe UI', 'Trebuchet MS', 'Geneva CE', lucida, sans-serif; color: #46444d; text-decoration: none; width: 140px; text-align: center;\">8.6\/10<\/div>\n<\/div>\n<p>&nbsp;<\/p>\n<p style=\"text-align: center;\"><strong>Ubytov\u00e1n\u00ed T\u0159ebo\u0148sko * Ubytov\u00e1n\u00ed v T\u0159eboni * Letn\u00ed pobyty * Letn\u00ed dovolen\u00e1 &#8211; Penzi\u00f3n P\u00edstina * Ubytov\u00e1n\u00ed &#8211; Chlum u T\u0159ebon\u011b * Penzion &#8211; Str\u00e1\u017e nad Ne\u017e\u00e1rkou * Ubytov\u00e1n\u00ed &#8211; Jind\u0159ich\u016fv Hradec * Romantick\u00e9 pobyty ji\u017en\u00ed \u010cechy * Cyklistika * P\u011b\u0161\u00ed turistika * Nordic walking * Pobyty pro rodiny s d\u011btmi * Ubytov\u00e1n\u00ed ji\u017en\u00ed \u010cechy * Ubytov\u00e1n\u00ed T\u0159ebo\u0148 * Ubytov\u00e1n\u00ed pro golfisty * Svatby * Firemn\u00ed akce * Grilovan\u00e9 sel\u00e1tko * Pobyty pro seniory * \u0160koly v p\u0159\u00edrod\u011b * Semin\u00e1\u0159e, \u0161kolen\u00ed*<\/strong><\/p>\n","protected":false},"excerpt":{"rendered":"<p>&nbsp; B\u00fdval\u00e1 zem\u011bd\u011blsk\u00e1 usedlost z po\u010d\u00e1tku 16. stolet\u00ed le\u017e\u00ed\u00a0v malebn\u00e9 krajin\u011b ji\u017en\u00edch \u010cech, v chr\u00e1n\u011bn\u00e9 krajinn\u00e9 oblasti T\u0159ebo\u0148ska, kter\u00e1 je uznanou biosf\u00e9rickou rezervac\u00ed UNESCO.\u00a0 Penzion pro\u0161el celkovou rekonstrukc\u00ed, p\u0159i kter\u00e9 byly zachov\u00e1ny p\u016fvodn\u00ed\u00a0 prvky venkovsk\u00e9 architektury. Nab\u00edz\u00edme ubytovac\u00ed, stravovac\u00ed slu\u017eby s mo\u017enost\u00ed grilov\u00e1n\u00ed, aktivn\u00edho odpo\u010dinku a relaxace. To v\u0161e v kr\u00e1sn\u00e9m prost\u0159ed\u00ed venkovsk\u00e9ho statku se [&hellip;]<\/p>\n","protected":false},"author":1,"featured_media":0,"parent":0,"menu_order":0,"comment_status":"closed","ping_status":"closed","template":"page_fullwidth.php","meta":{"footnotes":""},"_links":{"self":[{"href":"https:\/\/pistina.net\/index.php?rest_route=\/wp\/v2\/pages\/14"}],"collection":[{"href":"https:\/\/pistina.net\/index.php?rest_route=\/wp\/v2\/pages"}],"about":[{"href":"https:\/\/pistina.net\/index.php?rest_route=\/wp\/v2\/types\/page"}],"author":[{"embeddable":true,"href":"https:\/\/pistina.net\/index.php?rest_route=\/wp\/v2\/users\/1"}],"replies":[{"embeddable":true,"href":"https:\/\/pistina.net\/index.php?rest_route=%2Fwp%2Fv2%2Fcomments&post=14"}],"version-history":[{"count":20,"href":"https:\/\/pistina.net\/index.php?rest_route=\/wp\/v2\/pages\/14\/revisions"}],"predecessor-version":[{"id":203,"href":"https:\/\/pistina.net\/index.php?rest_route=\/wp\/v2\/pages\/14\/revisions\/203"}],"wp:attachment":[{"href":"https:\/\/pistina.net\/index.php?rest_route=%2Fwp%2Fv2%2Fmedia&parent=14"}],"curies":[{"name":"wp","href":"https:\/\/api.w.org\/{rel}","templated":true}]}}