{"id":40,"date":"2018-03-15T22:35:51","date_gmt":"2018-03-15T21:35:51","guid":{"rendered":"http:\/\/pistina.net\/?page_id=40"},"modified":"2023-03-19T17:20:58","modified_gmt":"2023-03-19T16:20:58","slug":"informace-k-pobytu","status":"publish","type":"page","link":"https:\/\/pistina.net\/?page_id=40","title":{"rendered":"INFORMACE K POBYTU"},"content":{"rendered":"<p><strong>SVATBY:<br \/>\n<\/strong>Romantick\u00e1 svatba v kr\u00e1sn\u00e9m prost\u0159ed\u00ed Penzionu P\u00edstina. K dispozici je velkokapacitn\u00ed parkovi\u0161t\u011b, restaurace s klenut\u00fdmi stropy, n\u00e1dvo\u0159\u00ed statku s mo\u017enost\u00ed letn\u00edho posezen\u00ed, kde si d\u011bti mohou hr\u00e1t a svateb\u010dan\u00e9 tan\u010dit. Maxim\u00e1ln\u00ed kapacita restaurace je 60 osob v 19 pokoj\u00edch. Svatebn\u00ed menu lze serv\u00edrovat jako 3, 4chodov\u00e9 menu nebo pro v\u00e1s p\u0159iprav\u00edme slavnostn\u00ed raut. Chcete-li t\u00e9\u017e p\u0159espat nab\u00edz\u00edme 19 pokoj\u016f s kapacitou 60 l\u016f\u017eek. Term\u00edny pro svatebn\u00ed hostiny se n\u00e1m rychle\u00a0pln\u00ed, proto n\u00e1s nev\u00e1hejte obratem kontaktovat.<\/p>\n<p><strong>GRILOVAN\u00c9 SEL\u00c1TKO &#8211; FIREMN\u00cd AKCE:<br \/>\n<\/strong>Kdykoli, k jak\u00e9koli p\u0159\u00edle\u017eitosti jsme tu pro v\u00e1s. Pom\u016f\u017eeme s organizac\u00ed programu akce. D\u00e1le pak atraktivitou nejen pro firemn\u00ed akce, \u0161kolen\u00ed, jedn\u00e1n\u00ed a semin\u00e1\u0159e je grilovan\u00e9 sel\u00e1tko a jin\u00e9 speciality (ryby, dr\u016fbe\u017e, zv\u011b\u0159ina).\u00a0V p\u0159\u00edpad\u011b z\u00e1jmu n\u00e1s kdykoli kontaktujte, budeme se t\u011b\u0161it.<\/p>\n<p><strong>RYBA\u0158EN\u00cd &#8211; HOUBA\u0158EN\u00cd:<br \/>\n<\/strong>Krajina rybn\u00edk\u016f, les\u016f a h\u00e1j\u016f nab\u00edz\u00ed sv\u00e9 poklady. Povolenky zajist\u00edme, m\u00edsta pro sb\u011br hub r\u00e1di doporu\u010d\u00edme.<\/p>\n<ul>\n<li>k dispozici parkovi\u0161t\u011b,\u00a0d\u011btsk\u00e1 j\u00eddeln\u00ed \u017eidli\u010dka, d\u011btsk\u00e1 post\u00fdlka na po\u017e\u00e1d\u00e1n\u00ed, \u00faschovna kol,\u00a0v l\u00e9t\u011b: p\u00edskovi\u0161t\u011b, trampol\u00edna pro d\u011bti, odr\u00e1\u017eedla, hra\u010dky pro d\u011bti<\/li>\n<li>j\u00eddelna &#8211; spole\u010densk\u00e1 m\u00edstnost, k dispozici lednice, mikrovlnn\u00e1 trouba, varn\u00e1 konvice, d\u00e1le pak 24 hod. denn\u011b mo\u017enost konzumace n\u00e1poj\u016f a pochutin samoobsluhou z baru<\/li>\n<li>sn\u00eddan\u011b od 8.00 do 10.00 hod., ve\u010de\u0159e od 18.00 do 19.00 hod.<\/li>\n<li>nedaleko p\u0159\u00edrodn\u00ed p\u00edsnovny Majdalena (10 min. autem), Tu\u0161\u0165 a Suchdol, L\u00e1zn\u011b Aurora T\u0159ebo\u0148, Kino T\u0159ebo\u0148, aquapark Gm\u00fcnd &#8211; Rakousko (35 km)<\/li>\n<li>doporu\u010dujeme v\u00fdlety do okol\u00ed: T\u0159ebo\u0148, Jind\u0159ich\u016fv Hradec, \u010cerven\u00e1 Lhota, Hlubok\u00e1 nad Vltavou, \u010cesk\u00e9 Bud\u011bjovice, \u010cesk\u00fd Krumlov a dal\u0161\u00edch atraktivn\u00edch m\u00edst<\/li>\n<li>kr\u00e1sn\u00e1 p\u0159\u00edroda a prost\u0159ed\u00ed jiho\u010desk\u00fdch rybn\u00edk\u016f vyb\u00edz\u00ed k cykloturistice, nordig walking, proch\u00e1zk\u00e1m, b\u011bh\u00e1n\u00ed a ryba\u0159en\u00ed (povolenku zajist\u00edme)<\/li>\n<li>za penzionem jsou v\u00fdb\u011bhy, kde mohou d\u011bti vid\u011bt kachny, slepice, ku\u0159ata, kravi\u010dky, tel\u00e1tka, pras\u00e1tka a kon\u011b<\/li>\n<li>mo\u017enost j\u00edzdy na koni: velk\u00e9 kole\u010dko pro d\u011bti CZK 50,-\/K\u010d nebo 60 min. v\u00fduky CZK 350,-<\/li>\n<li>dle z\u00e1kona o EET vyd\u00e1v\u00e1me \u00fa\u010dtenky<\/li>\n<\/ul>\n<p>&nbsp;<\/p>\n","protected":false},"excerpt":{"rendered":"<p>SVATBY: Romantick\u00e1 svatba v kr\u00e1sn\u00e9m prost\u0159ed\u00ed Penzionu P\u00edstina. K dispozici je velkokapacitn\u00ed parkovi\u0161t\u011b, restaurace s klenut\u00fdmi stropy, n\u00e1dvo\u0159\u00ed statku s mo\u017enost\u00ed letn\u00edho posezen\u00ed, kde si d\u011bti mohou hr\u00e1t a svateb\u010dan\u00e9 tan\u010dit. Maxim\u00e1ln\u00ed kapacita restaurace je 60 osob v 19 pokoj\u00edch. Svatebn\u00ed menu lze serv\u00edrovat jako 3, 4chodov\u00e9 menu nebo pro v\u00e1s p\u0159iprav\u00edme slavnostn\u00ed raut. Chcete-li [&hellip;]<\/p>\n","protected":false},"author":1,"featured_media":0,"parent":0,"menu_order":0,"comment_status":"closed","ping_status":"closed","template":"page_fullwidth.php","meta":{"footnotes":""},"_links":{"self":[{"href":"https:\/\/pistina.net\/index.php?rest_route=\/wp\/v2\/pages\/40"}],"collection":[{"href":"https:\/\/pistina.net\/index.php?rest_route=\/wp\/v2\/pages"}],"about":[{"href":"https:\/\/pistina.net\/index.php?rest_route=\/wp\/v2\/types\/page"}],"author":[{"embeddable":true,"href":"https:\/\/pistina.net\/index.php?rest_route=\/wp\/v2\/users\/1"}],"replies":[{"embeddable":true,"href":"https:\/\/pistina.net\/index.php?rest_route=%2Fwp%2Fv2%2Fcomments&post=40"}],"version-history":[{"count":5,"href":"https:\/\/pistina.net\/index.php?rest_route=\/wp\/v2\/pages\/40\/revisions"}],"predecessor-version":[{"id":201,"href":"https:\/\/pistina.net\/index.php?rest_route=\/wp\/v2\/pages\/40\/revisions\/201"}],"wp:attachment":[{"href":"https:\/\/pistina.net\/index.php?rest_route=%2Fwp%2Fv2%2Fmedia&parent=40"}],"curies":[{"name":"wp","href":"https:\/\/api.w.org\/{rel}","templated":true}]}}