{"id":44,"date":"2018-03-15T22:54:57","date_gmt":"2018-03-15T21:54:57","guid":{"rendered":"http:\/\/pistina.net\/?page_id=44"},"modified":"2018-05-01T01:26:03","modified_gmt":"2018-04-30T23:26:03","slug":"volnocasove-aktivity","status":"publish","type":"page","link":"https:\/\/pistina.net\/?page_id=44","title":{"rendered":"VOLNO\u010cASOV\u00c9 AKTIVITY"},"content":{"rendered":"<p>Poloha malebn\u00e9 vesni\u010dky P\u00edstina u Str\u00e1\u017ee nad Ne\u017e\u00e1rkou je velmi atraktivn\u00ed z hlediska dostupnosti i jin\u00fdch turisticky zaj\u00edmav\u00fdch m\u00edst ji\u017en\u00edch \u010cech. Vy\u017eijte z\u00e1zem\u00ed a slu\u017eeb Penzionu P\u00edstina, jako strategick\u00e9ho m\u00edsta pro va\u0161i aktivn\u00ed, pozn\u00e1vac\u00ed dovolenou, t\u00e9matick\u00e9 pobyty a v\u00fdlety. Penzion P\u00edstina je ide\u00e1ln\u00edm m\u00edstem pro rodinn\u00e9 dovolen\u00e9, cyklopobyty, rodinn\u00e9 a firemn\u00ed akce voln\u011bj\u0161\u00edho charakteru (venkovsk\u00e9 prost\u0159ed\u00ed, grilovan\u00e9 sel\u00e1tko, z\u00e1zem\u00ed selsk\u00e9ho statku s n\u00e1dvo\u0159\u00edm, stylovou klenutou j\u00eddelnou a velkokapacitn\u00edm parkovi\u0161t\u011bm).<strong>Nab\u00eddka volno\u010dasov\u00fdch aktivit s t\u00e9matem historie, tradice, sportu a kultury&#8230;<\/strong><\/p>\n<p><strong>HISTORIE, TRADICE A ZVYKY<\/strong><\/p>\n<ul>\n<li>Grilovan\u00e9 sel\u00e1tko, zabija\u010dka, ryb\u00ed hody, velikonoce \/m\u00edstn\u00ed zvyky a tradice\/ \u2013 Penzion P\u00edstina (0 km)<\/li>\n<li>Venkovsk\u00e1 architektura , UNESCO \u2013 Penzion P\u00edstina ( statek, 0 km)<\/li>\n<li>Z\u00e1mek a hrad Str\u00e1\u017e nad Ne\u017e\u00e1rkou (2 km):\u00a0<a href=\"http:\/\/www.zamekstraz.cz\/ema-destinnova.htm\">http:\/\/www.zamekstraz.cz\/ema-destinnova.htm<\/a><\/li>\n<\/ul>\n<p>Hrad a z\u00e1mek Str\u00e1\u017e nad Ne\u017e\u00e1rkou m\u00e1 velmi bohatou historii, kter\u00e1 sah\u00e1 na za\u010d\u00e1tek na\u0161eho letopo\u010dtu. Jednotliv\u00e9 \u010d\u00e1sti historie najdete v jednotliv\u00fdch kapitol\u00e1ch. Vz\u00e1cnou zaj\u00edmavost\u00ed nap\u0159\u00edklad je, \u017ee sou\u010dasn\u00fd historick\u00fd objekt je ojedin\u011bl\u00fdm hybridem hrad-z\u00e1mek dohromady.\u00a0z\u00e1mkem je nerozlu\u010dn\u011b spjata sv\u011btozn\u00e1m\u00e1 opern\u00ed p\u011bvkyn\u011b Ema Destinnov\u00e1.M\u016f\u017eete zde shl\u00e9dnout nejucelen\u011bj\u0161\u00ed a nejrozs\u00e1hlej\u0161\u00ed v\u00fdstavu, kter\u00e1 je proch\u00e1zkou cel\u00fdm \u017eivotem a d\u00edlem t\u00e9to v\u00fdznamn\u00e9 osobnosti. Expozice se nach\u00e1z\u00ed v cel\u00e9m p\u0159\u00edzem\u00ed a prvn\u00edm pat\u0159e z\u00e1mku. Poprv\u00e9 v historii je zp\u0159\u00edstupn\u011bn i priv\u00e1t Emy Destinnov\u00e9 &#8211; m\u00edstnosti ve kter\u00fdch Ema bydlela.<\/p>\n<ul>\n<li>Z\u00e1mek T\u0159ebo\u0148 (12 km):\u00a0<a href=\"http:\/\/www.zamek-trebon.eu\/\">http:\/\/www.zamek-trebon.eu<\/a><\/li>\n<li>T\u0159ebo\u0148sko:\u00a0<a href=\"http:\/\/www.trebonsko.cz\/\">http:\/\/www.trebonsko.cz<\/a>\u00a0;\u00a0<a href=\"http:\/\/www.itrebon.cz\/\">http:\/\/www.itrebon.cz<\/a><\/li>\n<li>Chr\u00e1n\u011bn\u00e1 krajinn\u00e1 oblast T\u0159ebo\u0148sko<\/li>\n<\/ul>\n<p>T\u0159ebo\u0148sko je jedna z m\u00e1la CHKO vyhl\u00e1\u0161en\u00fdch v rovinat\u00e9 krajin\u011b po stalet\u00ed kultivovan\u00e9 \u010dlov\u011bkem. P\u0159esto se zde zachovaly mimo\u0159\u00e1dn\u011b cenn\u00e9 p\u0159\u00edrodn\u00ed hodnoty. Na mnoha m\u00edstech lze dosud hovo\u0159it o harmonick\u00e9 krajin\u011b, kde jsou lidsk\u00e9 aktivity v ur\u010dit\u00e9 rovnov\u00e1ze s p\u0159\u00edrodou. Proto je T\u0159ebo\u0148sko vyhl\u00e1\u0161eno i jednou ze \u0161esti \u010desk\u00fdch biosf\u00e9rick\u00fdch rezervac\u00ed programu \u010clov\u011bk a biosf\u00e9ra (MAB) UNESCO (od roku 1977). Na utv\u00e1\u0159en\u00ed krajiny T\u0159ebo\u0148ska se \u010dlov\u011bk pod\u00edlel ji\u017e od 12. stolet\u00ed, a to zejm\u00e9na \u00fapravami vodn\u00edch pom\u011br\u016f p\u016fvodn\u00ed mo\u010d\u00e1lovit\u00e9 krajiny, jejich\u017e v\u00fdsledkem je d\u016fmysln\u00e1 s\u00ed\u0165 um\u011bl\u00fdch stok (nap\u0159\u00edklad Zlat\u00e1 stoka, Nov\u00e1 \u0159eka) a mno\u017estv\u00ed rybn\u00edk\u016f, kter\u00e9 d\u011blaj\u00ed z T\u0159ebo\u0148ska centrum \u010desk\u00e9ho rybn\u00edk\u00e1\u0159stv\u00ed (celkem 460 rybn\u00edk\u016f). Rozs\u00e1hl\u00e9 rybni\u010dn\u00ed soustavy s druhotn\u011b vytvo\u0159en\u00fdmi litor\u00e1ln\u00edmi spole\u010denstvy se staly evropsky v\u00fdznamn\u00fdm hn\u00edzdi\u0161t\u011bm i migra\u010dn\u00ed zast\u00e1vkou vodn\u00edho ptactva.<\/p>\n<p>Oblast vynik\u00e1 bohatost\u00ed mok\u0159adn\u00ed a vodn\u00ed vegetace. K nejcenn\u011bj\u0161\u00edm biotop\u016fm T\u0159ebo\u0148ska pat\u0159\u00ed rozs\u00e1hl\u00e1 p\u0159echodov\u00e1 ra\u0161elini\u0161t\u011b se zachoval\u00fdmi rostlinn\u00fdmi spole\u010denstvy (blatkov\u00e9 bory) a na n\u011b v\u00e1zanou faunou bezobratl\u00fdch. Zachov\u00e1ny z\u016fstaly z velk\u00e9 \u010d\u00e1sti i p\u016fvodn\u00ed meandruj\u00edc\u00ed toky \u0159ek (Lu\u017enice) s pravideln\u011b zaplavovan\u00fdmi nivami a zbytky lu\u017en\u00edch les\u016f i extr\u00e9mn\u011b such\u00e9 lokality v\u00e1t\u00fdch p\u00edsk\u016f. Jsou tu vyhl\u00e1\u0161eny dva mok\u0159ady mezin\u00e1rodn\u00edho v\u00fdznamu chr\u00e1n\u011bn\u00e9 Ramsarskou konvenc\u00ed (T\u0159ebo\u0148sk\u00e9 rybn\u00edky, T\u0159ebo\u0148sk\u00e1 ra\u0161elini\u0161t\u011b). Oblast je v\u00fdznamn\u00e1 z hlediska ochrany \u0159ady ohro\u017een\u00fdch obratlovc\u016f, nap\u0159. vydry \u0159\u00ed\u010dn\u00ed a orla mo\u0159sk\u00e9ho. Vyv\u00e1\u017een\u00e1 p\u0159\u00edrodn\u00ed slo\u017eka krajiny je na T\u0159ebo\u0148sku vhodn\u011b dopl\u0148ov\u00e1na pom\u011brn\u011b \u0159\u00eddk\u00fdm os\u00eddlen\u00edm a zachovalou unik\u00e1tn\u00ed architekturou historick\u00fdch m\u011bst (MPR T\u0159ebo\u0148) a vesnic. P\u0159\u00edrodn\u00ed i kulturn\u00ed faktory tak vytv\u00e1\u0159ej\u00ed z T\u0159ebo\u0148ska \u00fazem\u00ed mimo\u0159\u00e1dn\u00e9 v evropsk\u00e9m kontextu a d\u00e1vaj\u00ed mu i vysok\u00fd rekrea\u010dn\u00ed potenci\u00e1l. V oblasti je tradi\u010dn\u011b soust\u0159ed\u011bn v\u00fdzkum ekologie mok\u0159ad\u016f (Botanick\u00fd \u00fastav AV\u010cR), v posledn\u00ed dob\u011b bylo T\u0159ebo\u0148sko za\u0159azeno do mezin\u00e1rodn\u00ed s\u00edt\u011b \u00fazem\u00ed dlouhodob\u00e9ho ekologick\u00e9ho v\u00fdzkumu (ILTER).<\/p>\n<ul>\n<li>Z\u00e1mek Jind\u0159ich\u016fv Hradec (15 km):\u00a0<a href=\"http:\/\/www.zamek-jindrichuvhradec.eu\/\">http:\/\/www.zamek-jindrichuvhradec.eu<\/a><\/li>\n<li>Z\u00e1mek Chlum u T\u0159ebon\u011b (10 km):<a href=\"http:\/\/www.zamek-trebon.eu\/\">\u00a0http:\/\/www.zamek-trebon.eu<\/a><\/li>\n<li>Z\u00e1mek \u010cesk\u00fd Krumlov (70 km):\u00a0<a href=\"http:\/\/www.zamek-ceskykrumlov.eu\/\">http:\/\/www.zamek-ceskykrumlov.eu<\/a><\/li>\n<li>Z\u00e1mek Hlubok\u00e1 nad Vltavou (45 km):\u00a0<a href=\"http:\/\/www.zamek-hluboka.eu\/\">http:\/\/www.zamek-hluboka.eu<\/a><\/li>\n<li>Loveck\u00fd z\u00e1mek Hlubok\u00e1 nad Vltavou (45 km):\u00a0<a href=\"http:\/\/hlubokanadvltavou.info\/pamatky\/lovecky-zamek-ohrada\">http:\/\/hlubokanadvltavou.info\/pamatky\/lovecky-zamek-ohrada<\/a><\/li>\n<li>ZOO Hlubok\u00e1 nad Vltavou (45 km):\u00a0<a href=\"http:\/\/www.zooohrada.cz\/index.php?option=com_content&amp;task=blogcategory&amp;id=15&amp;Itemid=451\">http:\/\/www.zooohrada.cz\/index.php?option=com_content&amp;task=blogcategory&amp;id=15&amp;Itemid=451<\/a><\/li>\n<li>Z\u00e1mek \u010cerven\u00e1 Lhota (30 km):\u00a0<a href=\"http:\/\/www.zamek-cervenalhota.eu\/\">http:\/\/www.zamek-cervenalhota.eu<\/a><\/li>\n<\/ul>\n<p><strong>AKTIVN\u00cd ODPO\u010cINEK<\/strong><\/p>\n<ul>\n<li>Cykloturistika: P\u00edstinou a okol\u00edm k\u0159i\u017euje nespo\u010det cyklostezek (T\u0159ebo\u0148sko, Chlum u T\u0159ebon\u011b, \u010cesk\u00e1 Kanada, Nov\u00e1 Byst\u0159ice, apod.).\u00a0 Aby jste si dob\u0159e vybrali doporu\u010dujeme nav\u0161t\u00edvit odkazy n\u00ed\u017ee:<\/li>\n<\/ul>\n<p><a href=\"http:\/\/www.cyklotrasy.cz\/encyklopedie\/objekty1.phtml?id=113890&amp;id_t_oblasti=113890\">http:\/\/www.cyklotrasy.cz\/encyklopedie\/objekty1.phtml?id=113890&amp;id_t_oblasti=113890<br \/>\n<\/a><a href=\"http:\/\/www.cyklotrasy.cz\/encyklopedie\/objekty1.phtml?id=112330\">http:\/\/www.cyklotrasy.cz\/encyklopedie\/objekty1.phtml?id=112330<br \/>\n<\/a><a href=\"http:\/\/www.trebonsko.cz\/cyklotrasy-mapy\">http:\/\/www.trebonsko.cz\/cyklotrasy-mapy<br \/>\n<\/a><a href=\"http:\/\/www.cyklotrasy.cz\/encyklopedie\/objekty1.phtml?id=138141\">http:\/\/www.cyklotrasy.cz\/encyklopedie\/objekty1.phtml?id=138141<\/a><\/p>\n<ul>\n<li>H\u0159i\u0161t\u011b pro m\u00ed\u010dov\u00e9 hry \u2013 Penzion P\u00edstina (0 km)<\/li>\n<li>P\u011b\u0161\u00ed turistika, houba\u0159en\u00ed, grilov\u00e1n\u00ed \u2013 Penzion P\u00edstina (0 km)<\/li>\n<li>P\u016fj\u010dovna kol \u2013 Penzion P\u00edstina (0 km)<\/li>\n<li>Sportovn\u00ed rybolov \u2013 Penzion P\u00edstina (0-2 km)<\/li>\n<li>J\u00edzda na koni \u2013 Penzion P\u00edstina (0 km) Velk\u00e9 kole\u010dko &#8211; 50,- \/ V\u00fduka 45 minut &#8211; 500,-<\/li>\n<li>P\u00edskovna Str\u00e1\u017e nad Ne\u017e\u00e1rkou \u2013 p\u0159\u00edrodn\u00ed koup\u00e1n\u00ed (2 km)<\/li>\n<li>Sportovi\u0161t\u011b (tenis, voleyball, bowling apod.) L\u00e1zn\u011b Beriny T\u0159ebo\u0148 (12 km)<\/li>\n<li>Kryt\u00fd aqwapark l\u00e1zn\u011b Aurora T\u0159ebo\u0148 se slanou vodou, whirlpoolem a tobog\u00e1nem (12 km)<\/li>\n<li>P\u00edskovny v okol\u00ed Chlumu u T\u0159ebon\u011b, Majdaleny, Suchdola u T\u0159ebon\u011b (10 &#8211; 20 km)<\/li>\n<li>Leti\u0161t\u011b Jind\u0159ich\u016fv Hradec \u2013 vyhl\u00eddkov\u00e9 lety (20 km)<\/li>\n<\/ul>\n<p>&nbsp;<\/p>\n<p><strong>\u00a0KULTURA<\/strong><\/p>\n<ul>\n<li>Z\u00e1mek Str\u00e1\u017e nad Ne\u017e\u00e1rkou \u2013 koncerty (2 km) : http:\/\/www.zamekstraz.cz\/ema-destinnova.htm<\/li>\n<li>Hudebn\u00ed festival Okolo T\u0159ebon\u011b (12 km): http:\/\/www.itrebon.cz\/<\/li>\n<li>Hudebn\u00ed festival Hlubok\u00e1 nad Vltavou (45 km): http:\/\/www.sinfonie.cz\/<\/li>\n<li>Hudebn\u00ed festival \u010cesk\u00fd Krumlov (70 km): http:\/\/www.festivalkrumlov.cz\/<\/li>\n<\/ul>\n","protected":false},"excerpt":{"rendered":"<p>Poloha malebn\u00e9 vesni\u010dky P\u00edstina u Str\u00e1\u017ee nad Ne\u017e\u00e1rkou je velmi atraktivn\u00ed z hlediska dostupnosti i jin\u00fdch turisticky zaj\u00edmav\u00fdch m\u00edst ji\u017en\u00edch \u010cech. Vy\u017eijte z\u00e1zem\u00ed a slu\u017eeb Penzionu P\u00edstina, jako strategick\u00e9ho m\u00edsta pro va\u0161i aktivn\u00ed, pozn\u00e1vac\u00ed dovolenou, t\u00e9matick\u00e9 pobyty a v\u00fdlety. Penzion P\u00edstina je ide\u00e1ln\u00edm m\u00edstem pro rodinn\u00e9 dovolen\u00e9, cyklopobyty, rodinn\u00e9 a firemn\u00ed akce voln\u011bj\u0161\u00edho charakteru (venkovsk\u00e9 [&hellip;]<\/p>\n","protected":false},"author":1,"featured_media":0,"parent":0,"menu_order":0,"comment_status":"closed","ping_status":"closed","template":"page_fullwidth.php","meta":{"footnotes":""},"_links":{"self":[{"href":"https:\/\/pistina.net\/index.php?rest_route=\/wp\/v2\/pages\/44"}],"collection":[{"href":"https:\/\/pistina.net\/index.php?rest_route=\/wp\/v2\/pages"}],"about":[{"href":"https:\/\/pistina.net\/index.php?rest_route=\/wp\/v2\/types\/page"}],"author":[{"embeddable":true,"href":"https:\/\/pistina.net\/index.php?rest_route=\/wp\/v2\/users\/1"}],"replies":[{"embeddable":true,"href":"https:\/\/pistina.net\/index.php?rest_route=%2Fwp%2Fv2%2Fcomments&post=44"}],"version-history":[{"count":3,"href":"https:\/\/pistina.net\/index.php?rest_route=\/wp\/v2\/pages\/44\/revisions"}],"predecessor-version":[{"id":170,"href":"https:\/\/pistina.net\/index.php?rest_route=\/wp\/v2\/pages\/44\/revisions\/170"}],"wp:attachment":[{"href":"https:\/\/pistina.net\/index.php?rest_route=%2Fwp%2Fv2%2Fmedia&parent=44"}],"curies":[{"name":"wp","href":"https:\/\/api.w.org\/{rel}","templated":true}]}}