{"id":46,"date":"2018-03-15T23:04:04","date_gmt":"2018-03-15T22:04:04","guid":{"rendered":"http:\/\/pistina.net\/?page_id=46"},"modified":"2018-05-01T00:45:42","modified_gmt":"2018-04-30T22:45:42","slug":"reference","status":"publish","type":"page","link":"https:\/\/pistina.net\/?page_id=46","title":{"rendered":"REFERENCE"},"content":{"rendered":"<p style=\"text-align: center;\">Televize PRIMA<\/p>\n<p style=\"text-align: center;\">Z\u00e1kladn\u00ed \u0161koly ze v\u0161ech region\u016f \u010cR<\/p>\n<p style=\"text-align: center;\">Svaz posti\u017een\u00fdch civiliza\u010dn\u00edmi chorobami<\/p>\n<p style=\"text-align: center;\">Distributo\u0159i l\u00e9\u010div<\/p>\n<p style=\"text-align: center;\">Stavebn\u00ed firmy<\/p>\n<p>&nbsp;<\/p>\n<p>&nbsp;<\/p>\n","protected":false},"excerpt":{"rendered":"<p>Televize PRIMA Z\u00e1kladn\u00ed \u0161koly ze v\u0161ech region\u016f \u010cR Svaz posti\u017een\u00fdch civiliza\u010dn\u00edmi chorobami Distributo\u0159i l\u00e9\u010div Stavebn\u00ed firmy &nbsp; &nbsp;<\/p>\n","protected":false},"author":1,"featured_media":0,"parent":0,"menu_order":0,"comment_status":"closed","ping_status":"closed","template":"page_fullwidth.php","meta":{"footnotes":""},"_links":{"self":[{"href":"https:\/\/pistina.net\/index.php?rest_route=\/wp\/v2\/pages\/46"}],"collection":[{"href":"https:\/\/pistina.net\/index.php?rest_route=\/wp\/v2\/pages"}],"about":[{"href":"https:\/\/pistina.net\/index.php?rest_route=\/wp\/v2\/types\/page"}],"author":[{"embeddable":true,"href":"https:\/\/pistina.net\/index.php?rest_route=\/wp\/v2\/users\/1"}],"replies":[{"embeddable":true,"href":"https:\/\/pistina.net\/index.php?rest_route=%2Fwp%2Fv2%2Fcomments&post=46"}],"version-history":[{"count":1,"href":"https:\/\/pistina.net\/index.php?rest_route=\/wp\/v2\/pages\/46\/revisions"}],"predecessor-version":[{"id":47,"href":"https:\/\/pistina.net\/index.php?rest_route=\/wp\/v2\/pages\/46\/revisions\/47"}],"wp:attachment":[{"href":"https:\/\/pistina.net\/index.php?rest_route=%2Fwp%2Fv2%2Fmedia&parent=46"}],"curies":[{"name":"wp","href":"https:\/\/api.w.org\/{rel}","templated":true}]}}