{"id":48,"date":"2018-03-15T23:12:46","date_gmt":"2018-03-15T22:12:46","guid":{"rendered":"http:\/\/pistina.net\/?page_id=48"},"modified":"2018-05-01T01:17:46","modified_gmt":"2018-04-30T23:17:46","slug":"ubytovani","status":"publish","type":"page","link":"https:\/\/pistina.net\/?page_id=48","title":{"rendered":"No Title"},"content":{"rendered":"<h3 style=\"text-align: center;\">UBYTOV\u00c1N\u00cd (15 pokoj\u016f, 59 l\u016f\u017eek):<\/h3>\n<h3 style=\"text-align: center;\"><img decoding=\"async\" loading=\"lazy\" class=\"alignnone size-medium wp-image-50\" src=\"http:\/\/pistina.net\/wp-content\/uploads\/2018\/03\/2-300x226.jpg\" alt=\"2\" width=\"300\" height=\"226\" \/>\u00a0\u00a0<img decoding=\"async\" loading=\"lazy\" class=\"alignnone size-medium wp-image-51\" src=\"http:\/\/pistina.net\/wp-content\/uploads\/2018\/03\/3-300x226.jpg\" alt=\"3\" width=\"300\" height=\"226\" \/>\u00a0\u00a0 <img decoding=\"async\" loading=\"lazy\" class=\"alignnone size-medium wp-image-52\" src=\"http:\/\/pistina.net\/wp-content\/uploads\/2018\/03\/4-300x226.jpg\" alt=\"4\" width=\"300\" height=\"226\" \/><\/h3>\n<h3 style=\"text-align: center;\">STRAVOV\u00c1N\u00cd (65 m\u00edst)<\/h3>\n<h3 style=\"text-align: center;\"><img decoding=\"async\" loading=\"lazy\" class=\"alignnone size-medium wp-image-55\" src=\"http:\/\/pistina.net\/wp-content\/uploads\/2018\/03\/7-300x201.jpg\" alt=\"7\" width=\"300\" height=\"201\" \/>\u00a0\u00a0 <img decoding=\"async\" loading=\"lazy\" class=\"alignnone size-medium wp-image-56\" src=\"http:\/\/pistina.net\/wp-content\/uploads\/2018\/03\/8-300x200.jpg\" alt=\"8\" width=\"300\" height=\"200\" srcset=\"https:\/\/pistina.net\/wp-content\/uploads\/2018\/03\/8-300x200.jpg 300w, https:\/\/pistina.net\/wp-content\/uploads\/2018\/03\/8-370x247.jpg 370w, https:\/\/pistina.net\/wp-content\/uploads\/2018\/03\/8.jpg 642w\" sizes=\"(max-width: 300px) 100vw, 300px\" \/><\/h3>\n","protected":false},"excerpt":{"rendered":"<p>UBYTOV\u00c1N\u00cd (15 pokoj\u016f, 59 l\u016f\u017eek): \u00a0\u00a0\u00a0\u00a0 STRAVOV\u00c1N\u00cd (65 m\u00edst) \u00a0\u00a0<\/p>\n","protected":false},"author":1,"featured_media":0,"parent":0,"menu_order":0,"comment_status":"closed","ping_status":"closed","template":"page_fullwidth.php","meta":{"footnotes":""},"_links":{"self":[{"href":"https:\/\/pistina.net\/index.php?rest_route=\/wp\/v2\/pages\/48"}],"collection":[{"href":"https:\/\/pistina.net\/index.php?rest_route=\/wp\/v2\/pages"}],"about":[{"href":"https:\/\/pistina.net\/index.php?rest_route=\/wp\/v2\/types\/page"}],"author":[{"embeddable":true,"href":"https:\/\/pistina.net\/index.php?rest_route=\/wp\/v2\/users\/1"}],"replies":[{"embeddable":true,"href":"https:\/\/pistina.net\/index.php?rest_route=%2Fwp%2Fv2%2Fcomments&post=48"}],"version-history":[{"count":6,"href":"https:\/\/pistina.net\/index.php?rest_route=\/wp\/v2\/pages\/48\/revisions"}],"predecessor-version":[{"id":164,"href":"https:\/\/pistina.net\/index.php?rest_route=\/wp\/v2\/pages\/48\/revisions\/164"}],"wp:attachment":[{"href":"https:\/\/pistina.net\/index.php?rest_route=%2Fwp%2Fv2%2Fmedia&parent=48"}],"curies":[{"name":"wp","href":"https:\/\/api.w.org\/{rel}","templated":true}]}}